{"id":10661,"date":"2020-12-10T10:24:11","date_gmt":"2020-12-10T10:24:11","guid":{"rendered":"https:\/\/www.galagroup.ba\/oplemenjena-iverica\/"},"modified":"2024-04-23T06:28:56","modified_gmt":"2024-04-23T06:28:56","slug":"refined-chipboard","status":"publish","type":"page","link":"https:\/\/www.galagroup.ba\/en\/refined-chipboard\/","title":{"rendered":"Refined chipboard"},"content":{"rendered":"<div class=\"slider-wrapper relative\" id=\"slider-966187833\" >\n    <div class=\"slider slider-nav-circle slider-nav-large slider-nav-dark slider-style-normal\"\n        data-flickity-options='{\n            \"cellAlign\": \"center\",\n            \"imagesLoaded\": true,\n            \"lazyLoad\": 1,\n            \"freeScroll\": false,\n            \"wrapAround\": true,\n            \"autoPlay\": false,\n            \"pauseAutoPlayOnHover\" : false,\n            \"prevNextButtons\": false,\n            \"contain\" : true,\n            \"adaptiveHeight\" : true,\n            \"dragThreshold\" : 10,\n            \"percentPosition\": true,\n            \"pageDots\": false,\n            \"rightToLeft\": false,\n            \"draggable\": true,\n            \"selectedAttraction\": 0.1,\n            \"parallax\" : 0,\n            \"friction\": 0.6        }'\n        >\n        \n\n\n  <div class=\"banner has-hover\" id=\"banner-252316267\">\n          <div class=\"banner-inner fill\">\n        <div class=\"banner-bg fill\" >\n            <img loading=\"lazy\" decoding=\"async\" width=\"1020\" height=\"721\" src=\"https:\/\/www.galagroup.ba\/wp-content\/uploads\/2020\/12\/egger-1-1024x724.jpg\" class=\"bg attachment-large size-large\" alt=\"\" \/>                        <div class=\"overlay\"><\/div>            \n                    <\/div>\n\t\t\n        <div class=\"banner-layers container\">\n            <div class=\"fill banner-link\"><\/div>            \n\n   <div id=\"text-box-739605167\" class=\"text-box banner-layer x50 md-x50 lg-x50 y50 md-y50 lg-y50 res-text\">\n                                <div class=\"text-box-content text dark\">\n              \n              <div class=\"text-inner text-center\">\n                  \n\n<p class=\"alt-font\"><span style=\"font-size: 200%\">Plo\u010dasti materijali<\/span><\/p>\n<h1><span style=\"font-size: 130%\"><strong>Oplemenjena iverica<\/strong><\/span><\/h1>\n\n              <\/div>\n           <\/div>\n                            \n<style>\n#text-box-739605167 {\n  width: 80%;\n}\n#text-box-739605167 .text-box-content {\n  font-size: 100%;\n}\n@media (min-width:550px) {\n  #text-box-739605167 {\n    width: 69%;\n  }\n}\n<\/style>\n    <\/div>\n \n\n        <\/div>\n      <\/div>\n\n            \n<style>\n#banner-252316267 {\n  padding-top: 350px;\n}\n#banner-252316267 .overlay {\n  background-color: rgba(0, 0, 0, 0.35);\n}\n#banner-252316267 .banner-bg img {\n  object-position: 48% 50%;\n}\n<\/style>\n  <\/div>\n\n\n\n     <\/div>\n\n     <div class=\"loading-spin dark large centered\"><\/div>\n\n\t<\/div>\n\n\n<div class=\"row align-center\"  id=\"row-1993750650\">\n\n\n\t<div id=\"col-1377226814\" class=\"col medium-10 small-12 large-10\"  >\n\t\t\t\t<div class=\"col-inner text-center\"  >\n\t\t\t\n\t\t\t\n\n<p class=\"lead\"><strong>Iverali<\/strong>&nbsp;su plo\u010de izra\u0111ene od iverja me\u0111usobno spojenog sintetskom smolom, te oplemenjene melaminskom folijom razli\u010ditih dekora (jednobojni, drvni, glatki, reljefni, visoki sjaj). Iverali su jednostavni za obradu i rezanje (pravocrtno, kru\u017eno) nakon kojeg se rubovi prekrivaju (kantiraju) ABS trakom. Iveral je materijal koji se najvi\u0161e koristi u izradi namje\u0161taja, za oblaganje zidova i op\u0107enito pri ure\u0111enju interijera.<\/p>\n<p><strong>Oplemenjena iverica<\/strong>&nbsp;je materijal koji se dobija oplemenjavanjem sirove iverice melaminskim papirom. Proizvodi se u raznim debljinama i formatima. Predstavlja jedan od osnovnih materijala za konstrukciju i izradu namje\u0161taja i dizajn enterijera. U na\u0161oj kolekciji svaki dekor oplemenjene iverice ispra\u0107en je identi\u010dnim dekorom u drugim vrstama materijala, kao na primjer u ABS trakama i laminatima, \u0161to omogu\u0107ava izuzetnu fleksibilnost u projektiranju i dizajnu.<\/p>\n<p><strong>Izbor<\/strong>&nbsp;vi\u0161e stotina najrazli\u010ditijih dekora u novim, inovativnim teksturama, otvara mogu\u0107nost da na najkreativniji na\u010din opremite prostor u kojem \u017eivite i radite. U dana\u0161njem, modernom okru\u017eenju, dostupnost ovog proizvoda, omogu\u0107ila je raznoliko mijenjanje i oplemenjivanje i najzahtjevnijih prostora u oblasti izrade namje\u0161taja i opremanja interijera<\/p>\n<p><span style=\"font-size: 14.4px\">.<\/span><\/p>\n<div class=\"container section-title-container\" style=\"margin-bottom:-30px;\"><h3 class=\"section-title section-title-bold-center\"><b aria-hidden=\"true\"><\/b><span class=\"section-title-main\" >Izbor dekora<\/span><b aria-hidden=\"true\"><\/b><\/h3><\/div>\n\n\n\t\t<\/div>\n\t\t\t\t\t<\/div>\n\n\t\n\n\t<div id=\"col-849561889\" class=\"col medium-10 small-12 large-10\"  >\n\t\t\t\t<div class=\"col-inner text-center\"  >\n\t\t\t\n\t\t\t\n\n<div class=\"row\"  id=\"row-1106326045\">\n\n\n\t<div id=\"col-685427987\" class=\"col medium-3 small-12 large-3\"  >\n\t\t\t\t<div class=\"col-inner\"  >\n\t\t\t\n\t\t\t\n\n\t<div class=\"img has-hover x md-x lg-x y md-y lg-y\" id=\"image_1908667079\">\n\t\t\t\t\t\t\t\t<div class=\"img-inner dark\" >\n\t\t\t<img loading=\"lazy\" decoding=\"async\" width=\"881\" height=\"513\" src=\"https:\/\/www.galagroup.ba\/wp-content\/uploads\/2020\/12\/U323ST9.jpg\" class=\"attachment-large size-large\" alt=\"\" srcset=\"https:\/\/www.galagroup.ba\/wp-content\/uploads\/2020\/12\/U323ST9.jpg 881w, https:\/\/www.galagroup.ba\/wp-content\/uploads\/2020\/12\/U323ST9-300x175.jpg 300w, https:\/\/www.galagroup.ba\/wp-content\/uploads\/2020\/12\/U323ST9-768x447.jpg 768w, https:\/\/www.galagroup.ba\/wp-content\/uploads\/2020\/12\/U323ST9-600x349.jpg 600w\" sizes=\"(max-width: 881px) 100vw, 881px\" \/>\t\t\t\t\t\t\n\t\t\t\t\t<\/div>\n\t\t\t\t\t\t\t\t\n<style>\n#image_1908667079 {\n  width: 100%;\n}\n<\/style>\n\t<\/div>\n\t\n\n<h3 class=\"uppercase\">uni dekori<\/h3>\n<a href=\"https:\/\/galagroup.ba\/uni-dekori\/\" class=\"button primary is-outline\" target=\"_blank\" rel=\"noopener\">\n\t\t<span>Op\u0161irnije<\/span>\n\t<\/a>\n\n\n\n\t\t<\/div>\n\t\t\t\t\t<\/div>\n\n\t\n\n\t<div id=\"col-1085857277\" class=\"col medium-3 small-12 large-3\"  >\n\t\t\t\t<div class=\"col-inner\"  >\n\t\t\t\n\t\t\t\n\n\t<div class=\"img has-hover x md-x lg-x y md-y lg-y\" id=\"image_822858066\">\n\t\t\t\t\t\t\t\t<div class=\"img-inner dark\" >\n\t\t\t<img loading=\"lazy\" decoding=\"async\" width=\"881\" height=\"513\" src=\"https:\/\/www.galagroup.ba\/wp-content\/uploads\/2020\/12\/H1710.jpg\" class=\"attachment-large size-large\" alt=\"\" srcset=\"https:\/\/www.galagroup.ba\/wp-content\/uploads\/2020\/12\/H1710.jpg 881w, https:\/\/www.galagroup.ba\/wp-content\/uploads\/2020\/12\/H1710-300x175.jpg 300w, https:\/\/www.galagroup.ba\/wp-content\/uploads\/2020\/12\/H1710-768x447.jpg 768w, https:\/\/www.galagroup.ba\/wp-content\/uploads\/2020\/12\/H1710-600x349.jpg 600w\" sizes=\"(max-width: 881px) 100vw, 881px\" \/>\t\t\t\t\t\t\n\t\t\t\t\t<\/div>\n\t\t\t\t\t\t\t\t\n<style>\n#image_822858066 {\n  width: 100%;\n}\n<\/style>\n\t<\/div>\n\t\n\n<h3 class=\"uppercase\">Drveni dekori<\/h3>\n<a href=\"https:\/\/galagroup.ba\/drveni-dekori\/\" class=\"button primary is-outline\" target=\"_blank\" rel=\"noopener\">\n\t\t<span>Op\u0161irnije<\/span>\n\t<\/a>\n\n\n\n\t\t<\/div>\n\t\t\t\t\t<\/div>\n\n\t\n\n\t<div id=\"col-752986701\" class=\"col medium-3 small-12 large-3\"  >\n\t\t\t\t<div class=\"col-inner\"  >\n\t\t\t\n\t\t\t\n\n\t<div class=\"img has-hover x md-x lg-x y md-y lg-y\" id=\"image_381406441\">\n\t\t\t\t\t\t\t\t<div class=\"img-inner dark\" >\n\t\t\t<img loading=\"lazy\" decoding=\"async\" width=\"881\" height=\"513\" src=\"https:\/\/www.galagroup.ba\/wp-content\/uploads\/2020\/12\/F642.jpg\" class=\"attachment-large size-large\" alt=\"\" srcset=\"https:\/\/www.galagroup.ba\/wp-content\/uploads\/2020\/12\/F642.jpg 881w, https:\/\/www.galagroup.ba\/wp-content\/uploads\/2020\/12\/F642-300x175.jpg 300w, https:\/\/www.galagroup.ba\/wp-content\/uploads\/2020\/12\/F642-768x447.jpg 768w, https:\/\/www.galagroup.ba\/wp-content\/uploads\/2020\/12\/F642-600x349.jpg 600w\" sizes=\"(max-width: 881px) 100vw, 881px\" \/>\t\t\t\t\t\t\n\t\t\t\t\t<\/div>\n\t\t\t\t\t\t\t\t\n<style>\n#image_381406441 {\n  width: 100%;\n}\n<\/style>\n\t<\/div>\n\t\n\n<h3 class=\"uppercase\">Fantasy dekori<\/h3>\n<a href=\"https:\/\/galagroup.ba\/fantasy-dekori\/\" class=\"button primary is-outline\" target=\"_blank\" rel=\"noopener\">\n\t\t<span>Op\u0161irnije<\/span>\n\t<\/a>\n\n\n\n\t\t<\/div>\n\t\t\t\t\t<\/div>\n\n\t\n\n\t<div id=\"col-22204627\" class=\"col medium-3 small-12 large-3\"  >\n\t\t\t\t<div class=\"col-inner\"  >\n\t\t\t\n\t\t\t\n\n\t<div class=\"img has-hover x md-x lg-x y md-y lg-y\" id=\"image_1043842786\">\n\t\t\t\t\t\t\t\t<div class=\"img-inner dark\" >\n\t\t\t<img loading=\"lazy\" decoding=\"async\" width=\"881\" height=\"513\" src=\"https:\/\/www.galagroup.ba\/wp-content\/uploads\/2020\/12\/H1710.jpg\" class=\"attachment-large size-large\" alt=\"\" srcset=\"https:\/\/www.galagroup.ba\/wp-content\/uploads\/2020\/12\/H1710.jpg 881w, https:\/\/www.galagroup.ba\/wp-content\/uploads\/2020\/12\/H1710-300x175.jpg 300w, https:\/\/www.galagroup.ba\/wp-content\/uploads\/2020\/12\/H1710-768x447.jpg 768w, https:\/\/www.galagroup.ba\/wp-content\/uploads\/2020\/12\/H1710-600x349.jpg 600w\" sizes=\"(max-width: 881px) 100vw, 881px\" \/>\t\t\t\t\t\t\n\t\t\t\t\t<\/div>\n\t\t\t\t\t\t\t\t\n<style>\n#image_1043842786 {\n  width: 100%;\n}\n<\/style>\n\t<\/div>\n\t\n\n<h3 class=\"uppercase\">FunderMax dekori<\/h3>\n<a href=\"https:\/\/www.galagroup.ba\/en\/fundermax-decorations\/\" class=\"button primary is-outline\">\n\t\t<span>Op\u0161irnije<\/span>\n\t<\/a>\n\n\n\n\t\t<\/div>\n\t\t\t\t\t<\/div>\n\n\t\n\n<\/div>\n\n\t\t<\/div>\n\t\t\t\t\t<\/div>\n\n\t\n\n<\/div>\n\t<div id=\"gap-1727943130\" class=\"gap-element clearfix\" style=\"display:block; height:auto;\">\n\t\t\n<style>\n#gap-1727943130 {\n  padding-top: 54px;\n}\n<\/style>\n\t<\/div>\n\t","protected":false},"excerpt":{"rendered":"","protected":false},"author":1,"featured_media":0,"parent":0,"menu_order":0,"comment_status":"closed","ping_status":"closed","template":"page-blank.php","meta":{"footnotes":""},"class_list":["post-10661","page","type-page","status-publish","hentry"],"_links":{"self":[{"href":"https:\/\/www.galagroup.ba\/en\/wp-json\/wp\/v2\/pages\/10661"}],"collection":[{"href":"https:\/\/www.galagroup.ba\/en\/wp-json\/wp\/v2\/pages"}],"about":[{"href":"https:\/\/www.galagroup.ba\/en\/wp-json\/wp\/v2\/types\/page"}],"author":[{"embeddable":true,"href":"https:\/\/www.galagroup.ba\/en\/wp-json\/wp\/v2\/users\/1"}],"replies":[{"embeddable":true,"href":"https:\/\/www.galagroup.ba\/en\/wp-json\/wp\/v2\/comments?post=10661"}],"version-history":[{"count":4,"href":"https:\/\/www.galagroup.ba\/en\/wp-json\/wp\/v2\/pages\/10661\/revisions"}],"predecessor-version":[{"id":11308,"href":"https:\/\/www.galagroup.ba\/en\/wp-json\/wp\/v2\/pages\/10661\/revisions\/11308"}],"wp:attachment":[{"href":"https:\/\/www.galagroup.ba\/en\/wp-json\/wp\/v2\/media?parent=10661"}],"curies":[{"name":"wp","href":"https:\/\/api.w.org\/{rel}","templated":true}]}}