{"id":11026,"date":"2021-09-02T12:10:57","date_gmt":"2021-09-02T12:10:57","guid":{"rendered":"https:\/\/www.galagroup.ba\/product\/built-in-waste-bin-into-the-worktop-6l-8199665\/"},"modified":"2021-09-02T12:10:57","modified_gmt":"2021-09-02T12:10:57","slug":"built-in-waste-bin-into-the-worktop-6l-8199665","status":"publish","type":"product","link":"https:\/\/www.galagroup.ba\/en\/product\/built-in-waste-bin-into-the-worktop-6l-8199665\/","title":{"rendered":"Built-in waste bin. into the worktop &#8211; 6L 8199665"},"content":{"rendered":"","protected":false},"excerpt":{"rendered":"<pre id=\"tw-target-text\" class=\"tw-data-text tw-text-large XcVN5d tw-ta\" dir=\"ltr\" data-placeholder=\"Translation\"><span class=\"Y2IQFc\" lang=\"hr\">Dimanezija: 6L\nMaterijal: nehr\u0111aju\u0107i \u010delik i plastika<\/span><\/pre>\n","protected":false},"featured_media":8768,"template":"","meta":[],"product_cat":[174,179],"product_tag":[],"class_list":{"0":"post-11026","1":"product","2":"type-product","3":"status-publish","4":"has-post-thumbnail","6":"product_cat-fittings","7":"product_cat-kitchen-equipment","8":"product_shipping_class-products","10":"first","11":"instock","12":"shipping-taxable","13":"purchasable","14":"product-type-simple"},"_links":{"self":[{"href":"https:\/\/www.galagroup.ba\/en\/wp-json\/wp\/v2\/product\/11026"}],"collection":[{"href":"https:\/\/www.galagroup.ba\/en\/wp-json\/wp\/v2\/product"}],"about":[{"href":"https:\/\/www.galagroup.ba\/en\/wp-json\/wp\/v2\/types\/product"}],"wp:featuredmedia":[{"embeddable":true,"href":"https:\/\/www.galagroup.ba\/en\/wp-json\/wp\/v2\/media\/8768"}],"wp:attachment":[{"href":"https:\/\/www.galagroup.ba\/en\/wp-json\/wp\/v2\/media?parent=11026"}],"wp:term":[{"taxonomy":"product_cat","embeddable":true,"href":"https:\/\/www.galagroup.ba\/en\/wp-json\/wp\/v2\/product_cat?post=11026"},{"taxonomy":"product_tag","embeddable":true,"href":"https:\/\/www.galagroup.ba\/en\/wp-json\/wp\/v2\/product_tag?post=11026"}],"curies":[{"name":"wp","href":"https:\/\/api.w.org\/{rel}","templated":true}]}}