{"id":11466,"date":"2024-04-26T07:10:00","date_gmt":"2024-04-26T07:10:00","guid":{"rendered":"https:\/\/www.galagroup.ba\/?post_type=product&#038;p=11466"},"modified":"2024-11-19T09:29:19","modified_gmt":"2024-11-19T09:29:19","slug":"dino-bpa-free-boca","status":"publish","type":"product","link":"https:\/\/www.galagroup.ba\/en\/product\/dino-bpa-free-boca\/","title":{"rendered":"Seal Neal BPA boca"},"content":{"rendered":"<p>Izra\u0111ena od Tritana &#8211; plastike vrhunske kvalitete koja ne sadr\u017ei \u0161tetne BPA spojeve i mo\u017ee se u cjelosti reciklirati.<\/p>\n","protected":false},"excerpt":{"rendered":"<p>KARAKTERISTIKE<\/p>\n<ul>\n<li>Eastman Tritan materijal vrhunske kvalitete<\/li>\n<li>600ml \/ 20oz. volumen<\/li>\n<li>100% bez propu\u0161tanja<\/li>\n<li>BPA, BPF i BPS-free<\/li>\n<li>Dolazi s remenom za ru\u010dku<\/li>\n<\/ul>\n","protected":false},"featured_media":12158,"template":"","meta":[],"product_cat":[142],"product_tag":[],"class_list":{"0":"post-11466","1":"product","2":"type-product","3":"status-publish","4":"has-post-thumbnail","6":"product_cat-equa-boce","8":"first","9":"outofstock","10":"shipping-taxable","11":"purchasable","12":"product-type-simple"},"_links":{"self":[{"href":"https:\/\/www.galagroup.ba\/en\/wp-json\/wp\/v2\/product\/11466"}],"collection":[{"href":"https:\/\/www.galagroup.ba\/en\/wp-json\/wp\/v2\/product"}],"about":[{"href":"https:\/\/www.galagroup.ba\/en\/wp-json\/wp\/v2\/types\/product"}],"wp:featuredmedia":[{"embeddable":true,"href":"https:\/\/www.galagroup.ba\/en\/wp-json\/wp\/v2\/media\/12158"}],"wp:attachment":[{"href":"https:\/\/www.galagroup.ba\/en\/wp-json\/wp\/v2\/media?parent=11466"}],"wp:term":[{"taxonomy":"product_cat","embeddable":true,"href":"https:\/\/www.galagroup.ba\/en\/wp-json\/wp\/v2\/product_cat?post=11466"},{"taxonomy":"product_tag","embeddable":true,"href":"https:\/\/www.galagroup.ba\/en\/wp-json\/wp\/v2\/product_tag?post=11466"}],"curies":[{"name":"wp","href":"https:\/\/api.w.org\/{rel}","templated":true}]}}