{"id":11519,"date":"2024-04-26T07:09:44","date_gmt":"2024-04-26T07:09:44","guid":{"rendered":"https:\/\/www.galagroup.ba\/?post_type=product&#038;p=11519"},"modified":"2024-09-03T06:50:05","modified_gmt":"2024-09-03T06:50:05","slug":"lava-staklena-boca","status":"publish","type":"product","link":"https:\/\/www.galagroup.ba\/en\/product\/lava-staklena-boca\/","title":{"rendered":"Lava staklena boca"},"content":{"rendered":"<p>Ova BPA free boca stvorena je za odr\u017eivi na\u010din \u017eivota. Njezino kori\u0161tenje vidljivo \u0107e smanjiti koli\u010dinu proizvedenog otpada i istovremeno utjecati na tvoje hidratacijske navike. Uz svoju omiljenu EQUA bocu tako se mo\u017ee\u0161 osje\u0107ati dobro, izgledati dobro i \u010diniti dobro za planet.<\/p>\n<p>ML : 750<\/p>\n<p>MATERIJAL<\/p>\n<ul>\n<li>Boca: Visokokvalitetno borosilikatno staklo<\/li>\n<li>Navlaka: Umjetna ko\u017ea<\/li>\n<li>\u010cep: Nehr\u0111aju\u0107i \u010delik oblo\u017een metalom, tritan, silikonski prsten<\/li>\n<\/ul>\n<p>PAKIRANJE<\/p>\n<p>Na\u0161e kutije za slanje napravljene su od kartona koji se u potpunosti mo\u017ee reciklirati. Kutije nisu obojene niti laminirane, a svi su detalji otisnuti ekolo\u0161ki prihvatljivim bojama. Kutija je pri\u010dvr\u0161\u0107ena papirnatom ljepljivom trakom kako bi paket sigurno stigao na tvoj ku\u0107ni prag.<\/p>\n<p>ODR\u017dAVANJE<\/p>\n<ul>\n<li>Kako bi odr\u017eao\/la kvalitetu boce i sa\u010duvao\/la svje\u017einu teku\u0107ine, preporu\u010dujemo redovito \u010di\u0161\u0107enje.<\/li>\n<li>Isperi bocu vru\u0107om vodom i blagim sapunom barem jednom dnevno. A za dubinsko \u010di\u0161\u0107enje koristi toplu vodu, ocat i \u017eli\u010dicu sode bikarbone.<\/li>\n<li>SAVJET: kako bi izbjegao\/la nakupljanje vlage u \u010depu, obavezno bocu dr\u017ei otvorenom dok je ne korisit\u0161<\/li>\n<li>Bocu pohrani bez \u010depa kako bi se unutra\u0161njost osu\u0161ila<\/li>\n<li>Ako je navlaci od umjetne ko\u017ee potrebno \u010di\u0161\u0107enje, preporu\u010dujemo da je nje\u017eno prebri\u0161e\u0161 mokrom krpicom jer je materijal osjetljv<\/li>\n<li>Vi\u0161e informacija potra\u017eite u\u00a0kompletu Clean My Bottle Kit.<\/li>\n<\/ul>\n","protected":false},"excerpt":{"rendered":"<p>KARAKTERISTIKE<\/p>\n<ul>\n<li>Staklo vrhunske kvalitete<\/li>\n<li>750 ml \/ 25 oz. volumen<\/li>\n<li>100% bez propu\u0161tanja<\/li>\n<li>Proizvedeno u Europi<\/li>\n<\/ul>\n","protected":false},"featured_media":11520,"template":"","meta":[],"product_cat":[142,144],"product_tag":[],"class_list":{"0":"post-11519","1":"product","2":"type-product","3":"status-publish","4":"has-post-thumbnail","6":"product_cat-equa-boce","7":"product_cat-staklo","9":"first","10":"outofstock","11":"shipping-taxable","12":"purchasable","13":"product-type-simple"},"_links":{"self":[{"href":"https:\/\/www.galagroup.ba\/en\/wp-json\/wp\/v2\/product\/11519"}],"collection":[{"href":"https:\/\/www.galagroup.ba\/en\/wp-json\/wp\/v2\/product"}],"about":[{"href":"https:\/\/www.galagroup.ba\/en\/wp-json\/wp\/v2\/types\/product"}],"wp:featuredmedia":[{"embeddable":true,"href":"https:\/\/www.galagroup.ba\/en\/wp-json\/wp\/v2\/media\/11520"}],"wp:attachment":[{"href":"https:\/\/www.galagroup.ba\/en\/wp-json\/wp\/v2\/media?parent=11519"}],"wp:term":[{"taxonomy":"product_cat","embeddable":true,"href":"https:\/\/www.galagroup.ba\/en\/wp-json\/wp\/v2\/product_cat?post=11519"},{"taxonomy":"product_tag","embeddable":true,"href":"https:\/\/www.galagroup.ba\/en\/wp-json\/wp\/v2\/product_tag?post=11519"}],"curies":[{"name":"wp","href":"https:\/\/api.w.org\/{rel}","templated":true}]}}