{"id":11672,"date":"2024-04-26T07:07:23","date_gmt":"2024-04-26T07:07:23","guid":{"rendered":"https:\/\/www.galagroup.ba\/?post_type=product&#038;p=11672"},"modified":"2024-11-19T09:30:48","modified_gmt":"2024-11-19T09:30:48","slug":"think-pink-bpa","status":"publish","type":"product","link":"https:\/\/www.galagroup.ba\/en\/product\/think-pink-bpa\/","title":{"rendered":"Think Pink BPA"},"content":{"rendered":"<p>Izra\u0111en od Tritana, vrhunske kvalitete i 100% recikliraju\u0107i BPA FREE plastika koja osigurava dug \u017eivot va\u0161oj Think Pink BPA free boci.<\/p>\n<p>ML: 600<\/p>\n<p>&nbsp;<\/p>\n","protected":false},"excerpt":{"rendered":"<p>KARAKTERISTIKE<\/p>\n<ul>\n<li>Eastman Tritan materijal vrhunske kvalitete<\/li>\n<li>600ml \/ 20oz. volumen<\/li>\n<li>100% bez propu\u0161tanja<\/li>\n<li>BPA, BPF i BPS-free<\/li>\n<li>Dolazi s remenom za ru\u010dku<\/li>\n<\/ul>\n","protected":false},"featured_media":11673,"template":"","meta":[],"product_cat":[142],"product_tag":[],"class_list":{"0":"post-11672","1":"product","2":"type-product","3":"status-publish","4":"has-post-thumbnail","6":"product_cat-equa-boce","8":"first","9":"outofstock","10":"shipping-taxable","11":"purchasable","12":"product-type-simple"},"_links":{"self":[{"href":"https:\/\/www.galagroup.ba\/en\/wp-json\/wp\/v2\/product\/11672"}],"collection":[{"href":"https:\/\/www.galagroup.ba\/en\/wp-json\/wp\/v2\/product"}],"about":[{"href":"https:\/\/www.galagroup.ba\/en\/wp-json\/wp\/v2\/types\/product"}],"wp:featuredmedia":[{"embeddable":true,"href":"https:\/\/www.galagroup.ba\/en\/wp-json\/wp\/v2\/media\/11673"}],"wp:attachment":[{"href":"https:\/\/www.galagroup.ba\/en\/wp-json\/wp\/v2\/media?parent=11672"}],"wp:term":[{"taxonomy":"product_cat","embeddable":true,"href":"https:\/\/www.galagroup.ba\/en\/wp-json\/wp\/v2\/product_cat?post=11672"},{"taxonomy":"product_tag","embeddable":true,"href":"https:\/\/www.galagroup.ba\/en\/wp-json\/wp\/v2\/product_tag?post=11672"}],"curies":[{"name":"wp","href":"https:\/\/api.w.org\/{rel}","templated":true}]}}