{"id":11772,"date":"2024-04-26T07:06:30","date_gmt":"2024-04-26T07:06:30","guid":{"rendered":"https:\/\/www.galagroup.ba\/?post_type=product&#038;p=11772"},"modified":"2024-11-19T09:15:07","modified_gmt":"2024-11-19T09:15:07","slug":"timeless-off-white-boca-za-vodu-1000-ml","status":"publish","type":"product","link":"https:\/\/www.galagroup.ba\/en\/product\/timeless-off-white-boca-za-vodu-1000-ml\/","title":{"rendered":"Timeless Off White boca za vodu 1000 ml"},"content":{"rendered":"<p>Upoznaj najlak\u0161u, a istovremeno naj\u010dvr\u0161\u0107u bocu do sada. Uz bezvremenski dizajn, veliku zapremninu i funkcionalne detalje, EQUA TIMELESS \u0107e izdr\u017eati test vremena<\/p>\n<div class=\"title d-flex justify-content-between align-items-center\" role=\"button\" data-toggle=\"collapse\" aria-expanded=\"true\" aria-controls=\"tab2\">\n<p><span class=\"text\">MATERIJAL<\/span><\/p>\n<ul>\n<li class=\"toggle font-bold\"><span style=\"color: #555555;\">Boca: Nehr\u0111aju\u0107i \u010delik<\/span><\/li>\n<li class=\"toggle font-bold\">\u010cep: Nehr\u0111aju\u0107i \u010delik, Tritan, Silikonski prsten<\/li>\n<\/ul>\n<\/div>\n<div class=\"title d-flex justify-content-between align-items-center\" role=\"button\" data-toggle=\"collapse\" aria-expanded=\"true\" aria-controls=\"tab4\">\n<p><span class=\"text\">PAKIRANJE<\/span><\/p>\n<ul>\n<li class=\"toggle font-bold\"><span style=\"color: #555555;\">Kutija za slanje je napravljena od kartona koji se mo\u017ee u cjelosti reciklirati.<\/span><\/li>\n<li class=\"toggle font-bold\">Svi detalji na kutiji otisnuti su ekolo\u0161ki prihvatljivim bojama.<\/li>\n<\/ul>\n<\/div>\n<div id=\"tab4\" class=\"text collapse show\">\n<div class=\"title d-flex justify-content-between align-items-center\" role=\"button\" data-toggle=\"collapse\" aria-expanded=\"true\" aria-controls=\"tab5\">\n<p><span class=\"text\">ODR\u017dAVANJE<\/span><\/p>\n<ul>\n<li class=\"toggle font-bold\"><span style=\"color: #555555;\">Boca: Redovito operite sapunom i toplom vodom. Za duboku uporabu \u010di\u0161\u0107enja\u00a0<\/span>EQUA o\u010distite tablete<span style=\"color: #555555;\">\u00a0ili\u00a0<\/span>o\u010distite bocu<span style=\"color: #555555;\">. Nije sigurno za perilicu posu\u0111a.<\/span><\/li>\n<li class=\"toggle font-bold\">Kada se boca ne koristi, pohranite je bez poklopca kako bi se unutra\u0161njost osu\u0161ila.<\/li>\n<\/ul>\n<\/div>\n<\/div>\n","protected":false},"excerpt":{"rendered":"<p>KARAKTERISTIKE<\/p>\n<ul>\n<li>Napravljena od nehr\u0111aju\u0107eg \u010delika<\/li>\n<li>Dostupna u dvije veli\u010dine: 600\/1000 ml<\/li>\n<li>Prakti\u010dna ru\u010dka za no\u0161enje<\/li>\n<li>Iznimno lagana: 600 ml (181g)\/ 1000 ml (243g)<\/li>\n<li>100% ne propu\u0161ta<\/li>\n<li>Protuklizni donji silikon<\/li>\n<\/ul>\n<p>Ova boca nema termo izolalciju.<\/p>\n","protected":false},"featured_media":11773,"template":"","meta":[],"product_cat":[142,143],"product_tag":[],"class_list":{"0":"post-11772","1":"product","2":"type-product","3":"status-publish","4":"has-post-thumbnail","6":"product_cat-equa-boce","7":"product_cat-nehrdajuci-celik","9":"first","10":"outofstock","11":"shipping-taxable","12":"purchasable","13":"product-type-simple"},"_links":{"self":[{"href":"https:\/\/www.galagroup.ba\/en\/wp-json\/wp\/v2\/product\/11772"}],"collection":[{"href":"https:\/\/www.galagroup.ba\/en\/wp-json\/wp\/v2\/product"}],"about":[{"href":"https:\/\/www.galagroup.ba\/en\/wp-json\/wp\/v2\/types\/product"}],"wp:featuredmedia":[{"embeddable":true,"href":"https:\/\/www.galagroup.ba\/en\/wp-json\/wp\/v2\/media\/11773"}],"wp:attachment":[{"href":"https:\/\/www.galagroup.ba\/en\/wp-json\/wp\/v2\/media?parent=11772"}],"wp:term":[{"taxonomy":"product_cat","embeddable":true,"href":"https:\/\/www.galagroup.ba\/en\/wp-json\/wp\/v2\/product_cat?post=11772"},{"taxonomy":"product_tag","embeddable":true,"href":"https:\/\/www.galagroup.ba\/en\/wp-json\/wp\/v2\/product_tag?post=11772"}],"curies":[{"name":"wp","href":"https:\/\/api.w.org\/{rel}","templated":true}]}}