{"id":11789,"date":"2024-04-26T07:06:22","date_gmt":"2024-04-26T07:06:22","guid":{"rendered":"https:\/\/www.galagroup.ba\/?post_type=product&#038;p=11789"},"modified":"2025-01-30T13:23:09","modified_gmt":"2025-01-30T13:23:09","slug":"timeleless-lilac-termosica","status":"publish","type":"product","link":"https:\/\/www.galagroup.ba\/en\/product\/timeleless-lilac-termosica\/","title":{"rendered":"Timeleless Lilac termosica"},"content":{"rendered":"<p>Ova visokokvalitetna boca za vodu od nehr\u0111aju\u0107eg \u010delika s dvostrukom izolacijom dr\u017ei vodu hladnom do 24 sata ili vru\u0107om do 12 sati.<\/p>\n<p>ML: 600<\/p>\n<div class=\"title d-flex justify-content-between align-items-center\" role=\"button\" data-toggle=\"collapse\" aria-expanded=\"true\" aria-controls=\"tab2\">\n<p><span class=\"text\">MATERIJAL<\/span><\/p>\n<ul>\n<li class=\"toggle font-bold\"><span style=\"color: #555555;\">Boca: Nehr\u0111aju\u0107i \u010delik<\/span><\/li>\n<li class=\"toggle font-bold\">\u010cep: Nehr\u0111aju\u0107i \u010delik, Tritan, Silikonski prsten<\/li>\n<\/ul>\n<div class=\"title d-flex justify-content-between align-items-center\" role=\"button\" data-toggle=\"collapse\" aria-expanded=\"true\" aria-controls=\"tab4\">\n<p><span class=\"text\">PAKIRANJE<\/span><\/p>\n<ul>\n<li class=\"toggle font-bold\"><span style=\"color: #555555;\">Kutija za slanje je napravljena od kartona koji se mo\u017ee u cjelosti reciklirati.<\/span><\/li>\n<li class=\"toggle font-bold\">Svi detalji na kutiji otisnuti su ekolo\u0161ki prihvatljivim bojama.<\/li>\n<\/ul>\n<div class=\"title d-flex justify-content-between align-items-center\" role=\"button\" data-toggle=\"collapse\" aria-expanded=\"true\" aria-controls=\"tab5\"><span class=\"text\">ODR\u017dAVANJE<\/span><\/div>\n<div id=\"tab5\" class=\"text collapse show\">\n<ul>\n<li>Boca: Redovito operite sapunom i toplom vodom. Za duboku uporabu \u010di\u0161\u0107enja\u00a0EQUA o\u010distite tablete\u00a0ili\u00a0o\u010distite bocu.\u00a0Nije sigurno za perilicu posu\u0111a.<\/li>\n<li>Kada se boca ne koristi, pohranite je bez poklopca kako bi se unutra\u0161njost osu\u0161ila.<\/li>\n<\/ul>\n<\/div>\n<\/div>\n<\/div>\n","protected":false},"excerpt":{"rendered":"<p>KARAKTERISTIKE<\/p>\n<ul>\n<li>Dvostruka vakumska izolacija<\/li>\n<li>Ne sadr\u017ei BPA spojeve<\/li>\n<li>600 ml<\/li>\n<li>100% nepropusna<\/li>\n<li>Izdr\u017eljiv materijal od nehr\u0111aju\u0107eg \u010delika<\/li>\n<li>Elegantan dizajn<\/li>\n<\/ul>\n","protected":false},"featured_media":11790,"template":"","meta":[],"product_cat":[142,143],"product_tag":[],"class_list":{"0":"post-11789","1":"product","2":"type-product","3":"status-publish","4":"has-post-thumbnail","6":"product_cat-equa-boce","7":"product_cat-nehrdajuci-celik","9":"first","10":"outofstock","11":"sale","12":"shipping-taxable","13":"purchasable","14":"product-type-simple"},"_links":{"self":[{"href":"https:\/\/www.galagroup.ba\/en\/wp-json\/wp\/v2\/product\/11789"}],"collection":[{"href":"https:\/\/www.galagroup.ba\/en\/wp-json\/wp\/v2\/product"}],"about":[{"href":"https:\/\/www.galagroup.ba\/en\/wp-json\/wp\/v2\/types\/product"}],"wp:featuredmedia":[{"embeddable":true,"href":"https:\/\/www.galagroup.ba\/en\/wp-json\/wp\/v2\/media\/11790"}],"wp:attachment":[{"href":"https:\/\/www.galagroup.ba\/en\/wp-json\/wp\/v2\/media?parent=11789"}],"wp:term":[{"taxonomy":"product_cat","embeddable":true,"href":"https:\/\/www.galagroup.ba\/en\/wp-json\/wp\/v2\/product_cat?post=11789"},{"taxonomy":"product_tag","embeddable":true,"href":"https:\/\/www.galagroup.ba\/en\/wp-json\/wp\/v2\/product_tag?post=11789"}],"curies":[{"name":"wp","href":"https:\/\/api.w.org\/{rel}","templated":true}]}}