{"id":11907,"date":"2024-04-26T07:05:54","date_gmt":"2024-04-26T07:05:54","guid":{"rendered":"https:\/\/www.galagroup.ba\/?post_type=product&#038;p=11907"},"modified":"2026-03-17T08:41:57","modified_gmt":"2026-03-17T08:41:57","slug":"timeless-apricot-crush-boca-za-vodu","status":"publish","type":"product","link":"https:\/\/www.galagroup.ba\/en\/product\/timeless-apricot-crush-boca-za-vodu\/","title":{"rendered":"Timeless Apricot Crush boca za vodu"},"content":{"rendered":"<p>Upoznajte najlak\u0161u i naj\u010dvr\u0161\u0107u bocu vode. Ima bezvremenski dizajn, dodatno je lagan i \u0161tedi prostor. Napravljena da izdr\u017ei test vremena &#8211;\u00a0<strong>Bezvremenska boca od nehr\u0111aju\u0107eg \u010delika Apricot Crush\u00a0<\/strong>ima sve \u0161to biste mogli po\u017eeljeti.<\/p>\n<div class=\"title d-flex justify-content-between align-items-center\" role=\"button\" data-toggle=\"collapse\" aria-expanded=\"true\" aria-controls=\"tab2\">\n<p><span class=\"text\">MATERIJAL<\/span><\/p>\n<ul>\n<li class=\"toggle font-bold\"><span style=\"color: #555555;\">Boca: Nehr\u0111aju\u0107i \u010delik<\/span><\/li>\n<li class=\"toggle font-bold\">\u010cep: Nehr\u0111aju\u0107i \u010delik, Tritan, Silikonski prsten<\/li>\n<\/ul>\n<\/div>\n<div id=\"tab2\" class=\"text collapse show\">\n<p>PAKIRANJE<\/p>\n<ul>\n<li>Kutija za slanje je napravljena od kartona koji se mo\u017ee u cjelosti reciklirati.<\/li>\n<li>Svi detalji na kutiji otisnuti su ekolo\u0161ki prihvatljivim bojama.<\/li>\n<\/ul>\n<p>ODR\u017dAVANJE<\/p>\n<ul>\n<li>Boca: Redovito operite sapunom i toplom vodom. Za duboku uporabu \u010di\u0161\u0107enja\u00a0EQUA o\u010distite tablete\u00a0ili\u00a0o\u010distite bocu.\u00a0Nije sigurno za perilicu posu\u0111a.<\/li>\n<li>Kada se boca ne koristi, pohranite je bez poklopca kako bi se unutra\u0161njost osu\u0161ila.<\/li>\n<\/ul>\n<\/div>\n","protected":false},"excerpt":{"rendered":"<p>KARAKTERISTIKE<\/p>\n<ul>\n<li>Napravljena od nehr\u0111aju\u0107eg \u010delika<\/li>\n<li>Dostupno u veli\u010dini od 600 ml<\/li>\n<li>Prakti\u010dna ru\u010dka za no\u0161enje<\/li>\n<li>Iznimno lagana: 181g<\/li>\n<li>100% ne propu\u0161ta<\/li>\n<li>Protuklizni donji silikon<\/li>\n<\/ul>\n<p>Ova boca nema termo izolalciju.<\/p>\n","protected":false},"featured_media":11908,"template":"","meta":[],"product_cat":[142,143],"product_tag":[],"class_list":{"0":"post-11907","1":"product","2":"type-product","3":"status-publish","4":"has-post-thumbnail","6":"product_cat-equa-boce","7":"product_cat-nehrdajuci-celik","9":"first","10":"instock","11":"sale","12":"shipping-taxable","13":"purchasable","14":"product-type-simple"},"_links":{"self":[{"href":"https:\/\/www.galagroup.ba\/en\/wp-json\/wp\/v2\/product\/11907"}],"collection":[{"href":"https:\/\/www.galagroup.ba\/en\/wp-json\/wp\/v2\/product"}],"about":[{"href":"https:\/\/www.galagroup.ba\/en\/wp-json\/wp\/v2\/types\/product"}],"wp:featuredmedia":[{"embeddable":true,"href":"https:\/\/www.galagroup.ba\/en\/wp-json\/wp\/v2\/media\/11908"}],"wp:attachment":[{"href":"https:\/\/www.galagroup.ba\/en\/wp-json\/wp\/v2\/media?parent=11907"}],"wp:term":[{"taxonomy":"product_cat","embeddable":true,"href":"https:\/\/www.galagroup.ba\/en\/wp-json\/wp\/v2\/product_cat?post=11907"},{"taxonomy":"product_tag","embeddable":true,"href":"https:\/\/www.galagroup.ba\/en\/wp-json\/wp\/v2\/product_tag?post=11907"}],"curies":[{"name":"wp","href":"https:\/\/api.w.org\/{rel}","templated":true}]}}