{"id":12060,"date":"2024-07-25T11:31:35","date_gmt":"2024-07-25T11:31:35","guid":{"rendered":"https:\/\/www.galagroup.ba\/?post_type=product&#038;p=12060"},"modified":"2024-11-19T09:14:33","modified_gmt":"2024-11-19T09:14:33","slug":"timeless-double-wall-off-white-600ml","status":"publish","type":"product","link":"https:\/\/www.galagroup.ba\/en\/product\/timeless-double-wall-off-white-600ml\/","title":{"rendered":"Timeless Double Wall Off White 600ml"},"content":{"rendered":"<p>Ova visokokvalitetna boca za vodu od nehr\u0111aju\u0107eg \u010delika s dvostrukom izolacijom dr\u017eat \u0107e va\u0161e pi\u0107e hladnim 24 sata ili vru\u0107im do 12 sati.<\/p>\n","protected":false},"excerpt":{"rendered":"<ul>\n<li>Dvostruka vakuumska izolacija<\/li>\n<li>Ne sadr\u017ei BPA<\/li>\n<li>100% nepropusno<\/li>\n<li>Izdr\u017eljivi materijal od nehr\u0111aju\u0107eg \u010delika<\/li>\n<li>Elegantan minimalisti\u010dki dizajn<\/li>\n<li>600 ml<\/li>\n<\/ul>\n","protected":false},"featured_media":12061,"template":"","meta":[],"product_cat":[142],"product_tag":[],"class_list":{"0":"post-12060","1":"product","2":"type-product","3":"status-publish","4":"has-post-thumbnail","6":"product_cat-equa-boce","8":"first","9":"outofstock","10":"shipping-taxable","11":"purchasable","12":"product-type-simple"},"_links":{"self":[{"href":"https:\/\/www.galagroup.ba\/en\/wp-json\/wp\/v2\/product\/12060"}],"collection":[{"href":"https:\/\/www.galagroup.ba\/en\/wp-json\/wp\/v2\/product"}],"about":[{"href":"https:\/\/www.galagroup.ba\/en\/wp-json\/wp\/v2\/types\/product"}],"wp:featuredmedia":[{"embeddable":true,"href":"https:\/\/www.galagroup.ba\/en\/wp-json\/wp\/v2\/media\/12061"}],"wp:attachment":[{"href":"https:\/\/www.galagroup.ba\/en\/wp-json\/wp\/v2\/media?parent=12060"}],"wp:term":[{"taxonomy":"product_cat","embeddable":true,"href":"https:\/\/www.galagroup.ba\/en\/wp-json\/wp\/v2\/product_cat?post=12060"},{"taxonomy":"product_tag","embeddable":true,"href":"https:\/\/www.galagroup.ba\/en\/wp-json\/wp\/v2\/product_tag?post=12060"}],"curies":[{"name":"wp","href":"https:\/\/api.w.org\/{rel}","templated":true}]}}