{"id":12178,"date":"2024-08-21T11:18:56","date_gmt":"2024-08-21T11:18:56","guid":{"rendered":"https:\/\/www.galagroup.ba\/?post_type=product&#038;p=12178"},"modified":"2025-02-26T07:43:29","modified_gmt":"2025-02-26T07:43:29","slug":"mismatch-lava-750ml-boca","status":"publish","type":"product","link":"https:\/\/www.galagroup.ba\/en\/product\/mismatch-lava-750ml-boca\/","title":{"rendered":"Mismatch Lila 750ml boca"},"content":{"rendered":"<p>Lila staklena boca pomo\u0107i \u0107e ti da pije\u0161 vi\u0161e vode, a istovremeno brine\u0161 za okoli\u0161. Napravljena od najkvalitetnijeg borosilikatnog stakla, istovremeno slu\u017ei kao podsjetnik za hidrataciju i modni dodatak.<\/p>\n<p>&nbsp;<\/p>\n<p>&nbsp;<\/p>\n","protected":false},"excerpt":{"rendered":"<p>KARAKTERISTIKE<\/p>\n<ul>\n<li>Staklo vrhunske kvalitete<\/li>\n<li>750 ml \/ 25 oz. volumen<\/li>\n<li>100% bez propu\u0161tanja<\/li>\n<li>Proizvedeno u Europi<\/li>\n<\/ul>\n","protected":false},"featured_media":12539,"template":"","meta":[],"product_cat":[142,144],"product_tag":[],"class_list":{"0":"post-12178","1":"product","2":"type-product","3":"status-publish","4":"has-post-thumbnail","6":"product_cat-equa-boce","7":"product_cat-staklo","9":"first","10":"outofstock","11":"sale","12":"shipping-taxable","13":"purchasable","14":"product-type-simple"},"_links":{"self":[{"href":"https:\/\/www.galagroup.ba\/en\/wp-json\/wp\/v2\/product\/12178"}],"collection":[{"href":"https:\/\/www.galagroup.ba\/en\/wp-json\/wp\/v2\/product"}],"about":[{"href":"https:\/\/www.galagroup.ba\/en\/wp-json\/wp\/v2\/types\/product"}],"wp:featuredmedia":[{"embeddable":true,"href":"https:\/\/www.galagroup.ba\/en\/wp-json\/wp\/v2\/media\/12539"}],"wp:attachment":[{"href":"https:\/\/www.galagroup.ba\/en\/wp-json\/wp\/v2\/media?parent=12178"}],"wp:term":[{"taxonomy":"product_cat","embeddable":true,"href":"https:\/\/www.galagroup.ba\/en\/wp-json\/wp\/v2\/product_cat?post=12178"},{"taxonomy":"product_tag","embeddable":true,"href":"https:\/\/www.galagroup.ba\/en\/wp-json\/wp\/v2\/product_tag?post=12178"}],"curies":[{"name":"wp","href":"https:\/\/api.w.org\/{rel}","templated":true}]}}