{"id":12546,"date":"2024-11-19T09:24:28","date_gmt":"2024-11-19T09:24:28","guid":{"rendered":"https:\/\/www.galagroup.ba\/?post_type=product&#038;p=12546"},"modified":"2024-11-24T05:18:45","modified_gmt":"2024-11-24T05:18:45","slug":"equa-boca-od-nehrdajuceg-celika-timeless-matcha-600ml","status":"publish","type":"product","link":"https:\/\/www.galagroup.ba\/en\/product\/equa-boca-od-nehrdajuceg-celika-timeless-matcha-600ml\/","title":{"rendered":"EQUA, boca od nehr\u0111aju\u0107eg \u010delika, Timeless Matcha, 600ml"},"content":{"rendered":"<p>Upoznaj najlak\u0161u, a istovremeno naj\u010dvr\u0161\u0107u bocu do sada. Uz bezvremenski dizajn, veliku zapremninu i funkcionalne detalje, EQUA TIMELESS je stvorena da izdr\u017ei test vremena, nehr\u0111aju\u0107i \u010delik, dostupna u dvije veli\u010dine: 600\/1000 ml, prakti\u010dna ru\u010dka, nevjerojatno lagana: 600 ml (181g)\/ 1000 ml (243g), 100% otporna na curenje, protuklizni donji silikon.<\/p>\n","protected":false},"excerpt":{"rendered":"<p>Upoznaj najlak\u0161u, a istovremeno naj\u010dvr\u0161\u0107u bocu do sada. Uz bezvremenski dizajn, veliku zapremninu i funkcionalne detalje, EQUA TIMELESS je stvorena da izdr\u017ei test vremena, nehr\u0111aju\u0107i \u010delik, dostupna u dvije veli\u010dine: 600\/1000 ml, prakti\u010dna ru\u010dka, nevjerojatno lagana: 600 ml (181g)\/ 1000 ml (243g), 100% otporna na curenje, protuklizni donji silikon.<\/p>\n","protected":false},"featured_media":12549,"template":"","meta":[],"product_cat":[142],"product_tag":[],"class_list":{"0":"post-12546","1":"product","2":"type-product","3":"status-publish","4":"has-post-thumbnail","6":"product_cat-equa-boce","8":"first","9":"instock","10":"sale","11":"shipping-taxable","12":"purchasable","13":"product-type-simple"},"_links":{"self":[{"href":"https:\/\/www.galagroup.ba\/en\/wp-json\/wp\/v2\/product\/12546"}],"collection":[{"href":"https:\/\/www.galagroup.ba\/en\/wp-json\/wp\/v2\/product"}],"about":[{"href":"https:\/\/www.galagroup.ba\/en\/wp-json\/wp\/v2\/types\/product"}],"wp:featuredmedia":[{"embeddable":true,"href":"https:\/\/www.galagroup.ba\/en\/wp-json\/wp\/v2\/media\/12549"}],"wp:attachment":[{"href":"https:\/\/www.galagroup.ba\/en\/wp-json\/wp\/v2\/media?parent=12546"}],"wp:term":[{"taxonomy":"product_cat","embeddable":true,"href":"https:\/\/www.galagroup.ba\/en\/wp-json\/wp\/v2\/product_cat?post=12546"},{"taxonomy":"product_tag","embeddable":true,"href":"https:\/\/www.galagroup.ba\/en\/wp-json\/wp\/v2\/product_tag?post=12546"}],"curies":[{"name":"wp","href":"https:\/\/api.w.org\/{rel}","templated":true}]}}