{"id":12554,"date":"2024-11-19T09:43:34","date_gmt":"2024-11-19T09:43:34","guid":{"rendered":"https:\/\/www.galagroup.ba\/?post_type=product&#038;p=12554"},"modified":"2024-11-24T05:19:13","modified_gmt":"2024-11-24T05:19:13","slug":"equa-plasticna-boca-od-tritana-dino-bpa-free-600ml","status":"publish","type":"product","link":"https:\/\/www.galagroup.ba\/en\/product\/equa-plasticna-boca-od-tritana-dino-bpa-free-600ml\/","title":{"rendered":"EQUA, plasti\u010dna boca od tritana, Dino, BPA free, 600ml"},"content":{"rendered":"<p>Izra\u0111ena od\u00a0<strong>Tritana<\/strong>, vrhunske kvalitete i 100% reciklirana BPA FREE plastiku koja osigurava dug \u017eivot va\u0161eoj\u00a0<strong>Dino<\/strong>\u00a0<strong>BPA Free boci.<\/strong><\/p>\n<ul>\n<li>\u00a0<strong>Ne sadr\u017ei BPA u skladu s propisima EU<\/strong><\/li>\n<li><strong>Eastman Tritan materijal vrhunske kvalitete<\/strong><\/li>\n<li><strong>600ml \/ 20oz. volumen<\/strong><\/li>\n<li><strong>100% vodonepropusno<\/strong><\/li>\n<li><strong>Dolazi s remenom za ru\u010dku<\/strong><\/li>\n<li><strong>MATERIJAL<\/strong>: Najbolji materijal EASTMAN Tritan\u2122. Tekstilni remen za ru\u010dke &#8211; jednostavan za no\u0161enje. Dizajnirano u Sloveniji.<\/li>\n<li><strong>PAKIRANJE<\/strong>: Kutija za slanje je napravljena od kartona koji se mo\u017ee u cjelosti reciklirati. Svi detalji na kutiji otisnuti su ekolo\u0161ki prihvatljivim bojama.<\/li>\n<li><strong>ODR\u017dAVANJE<\/strong>:\u00a0Bocu redovito operite sapunom i toplom vodom. Za temeljito \u010di\u0161\u0107enje EQUA bocu o\u010distite\u00a0tabletama\u00a0ili o\u010distite bocu\u00a0pra\u0161kom za \u010di\u0161\u0107enje boca. Kada bocu ne koristite, \u010duvajte je bez poklopca kako bi se unutra\u0161njost osu\u0161ila.<\/li>\n<\/ul>\n","protected":false},"excerpt":{"rendered":"<p>Izra\u0111ena od\u00a0Tritana, vrhunske kvalitete i 100% reciklirana BPA FREE plastiku koja osigurava dug \u017eivot va\u0161eoj\u00a0Dino\u00a0BPA Free boci. \u00a0Ne sadr\u017ei BPA u skladu s propisima EU Eastman Tritan materijal vrhunske kvalitete 600ml \/ 20oz. volumen 100% vodonepropusno Dolazi s remenom za ru\u010dku MATERIJAL: Najbolji materijal EASTMAN Tritan\u2122. Tekstilni remen za ru\u010dke &#8211; jednostavan za no\u0161enje. Dizajnirano [&#8230;]\n","protected":false},"featured_media":12555,"template":"","meta":[],"product_cat":[142],"product_tag":[],"class_list":{"0":"post-12554","1":"product","2":"type-product","3":"status-publish","4":"has-post-thumbnail","6":"product_cat-equa-boce","8":"first","9":"instock","10":"sale","11":"shipping-taxable","12":"purchasable","13":"product-type-simple"},"_links":{"self":[{"href":"https:\/\/www.galagroup.ba\/en\/wp-json\/wp\/v2\/product\/12554"}],"collection":[{"href":"https:\/\/www.galagroup.ba\/en\/wp-json\/wp\/v2\/product"}],"about":[{"href":"https:\/\/www.galagroup.ba\/en\/wp-json\/wp\/v2\/types\/product"}],"wp:featuredmedia":[{"embeddable":true,"href":"https:\/\/www.galagroup.ba\/en\/wp-json\/wp\/v2\/media\/12555"}],"wp:attachment":[{"href":"https:\/\/www.galagroup.ba\/en\/wp-json\/wp\/v2\/media?parent=12554"}],"wp:term":[{"taxonomy":"product_cat","embeddable":true,"href":"https:\/\/www.galagroup.ba\/en\/wp-json\/wp\/v2\/product_cat?post=12554"},{"taxonomy":"product_tag","embeddable":true,"href":"https:\/\/www.galagroup.ba\/en\/wp-json\/wp\/v2\/product_tag?post=12554"}],"curies":[{"name":"wp","href":"https:\/\/api.w.org\/{rel}","templated":true}]}}