{"id":12576,"date":"2024-11-19T10:00:46","date_gmt":"2024-11-19T10:00:46","guid":{"rendered":"https:\/\/www.galagroup.ba\/?post_type=product&#038;p=12576"},"modified":"2025-07-16T06:57:41","modified_gmt":"2025-07-16T06:57:41","slug":"timeless-double-wall-cest-la-vie-600ml","status":"publish","type":"product","link":"https:\/\/www.galagroup.ba\/en\/product\/timeless-double-wall-cest-la-vie-600ml\/","title":{"rendered":"TIMELESS DOUBLE WALL CEST LA VIE 600ML"},"content":{"rendered":"<ul>\n<li>Dvostruka vakuumska izolacija<\/li>\n<li>Ne sadr\u017ei BPA<\/li>\n<li>100% nepropusno<\/li>\n<li>Izdr\u017eljivi materijal od nehr\u0111aju\u0107eg \u010delika<\/li>\n<li>Elegantan minimalisti\u010dki dizajn<\/li>\n<li>600 ml<\/li>\n<\/ul>\n","protected":false},"excerpt":{"rendered":"<p>Dvostruka vakuumska izolacija Ne sadr\u017ei BPA 100% nepropusno Izdr\u017eljivi materijal od nehr\u0111aju\u0107eg \u010delika Elegantan minimalisti\u010dki dizajn 600 ml<\/p>\n","protected":false},"featured_media":12577,"template":"","meta":[],"product_cat":[142,143],"product_tag":[],"class_list":{"0":"post-12576","1":"product","2":"type-product","3":"status-publish","4":"has-post-thumbnail","6":"product_cat-equa-boce","7":"product_cat-nehrdajuci-celik","9":"first","10":"outofstock","11":"sale","12":"shipping-taxable","13":"purchasable","14":"product-type-simple"},"_links":{"self":[{"href":"https:\/\/www.galagroup.ba\/en\/wp-json\/wp\/v2\/product\/12576"}],"collection":[{"href":"https:\/\/www.galagroup.ba\/en\/wp-json\/wp\/v2\/product"}],"about":[{"href":"https:\/\/www.galagroup.ba\/en\/wp-json\/wp\/v2\/types\/product"}],"wp:featuredmedia":[{"embeddable":true,"href":"https:\/\/www.galagroup.ba\/en\/wp-json\/wp\/v2\/media\/12577"}],"wp:attachment":[{"href":"https:\/\/www.galagroup.ba\/en\/wp-json\/wp\/v2\/media?parent=12576"}],"wp:term":[{"taxonomy":"product_cat","embeddable":true,"href":"https:\/\/www.galagroup.ba\/en\/wp-json\/wp\/v2\/product_cat?post=12576"},{"taxonomy":"product_tag","embeddable":true,"href":"https:\/\/www.galagroup.ba\/en\/wp-json\/wp\/v2\/product_tag?post=12576"}],"curies":[{"name":"wp","href":"https:\/\/api.w.org\/{rel}","templated":true}]}}