{"id":12604,"date":"2024-11-19T10:19:41","date_gmt":"2024-11-19T10:19:41","guid":{"rendered":"https:\/\/www.galagroup.ba\/?post_type=product&#038;p=12604"},"modified":"2026-01-07T12:01:45","modified_gmt":"2026-01-07T12:01:45","slug":"timeless-double-wall-wave-termosica-1000ml","status":"publish","type":"product","link":"https:\/\/www.galagroup.ba\/en\/product\/timeless-double-wall-wave-termosica-1000ml\/","title":{"rendered":"Timeless Double Wall Wave termosica 1000ml"},"content":{"rendered":"<p><span style=\"font-weight: 400;\">Ova visokokvalitetna boca za vodu od nehr\u0111aju\u0107eg \u010delika s dvostrukom izolacijom dr\u017ei vodu hladnom do 24 sata ili vru\u0107om do 12 sati.<\/span><\/p>\n<ul>\n<li>Dvostruka vakumska izolacija<\/li>\n<li>Bez BPA<\/li>\n<li>Dostupna u dvije veli\u010dine: 600\/1000 ml<\/li>\n<li>100% nepropusna<\/li>\n<li>Izdr\u017eljiv materijal od nehr\u0111aju\u0107eg \u010delika<\/li>\n<li>Elegantan dizajn<\/li>\n<\/ul>\n","protected":false},"excerpt":{"rendered":"<p>Ova visokokvalitetna boca za vodu od nehr\u0111aju\u0107eg \u010delika s dvostrukom izolacijom dr\u017ei vodu hladnom do 24 sata ili vru\u0107om do 12 sati. Dvostruka vakumska izolacija Bez BPA Dostupna u dvije veli\u010dine: 600\/1000 ml 100% nepropusna Izdr\u017eljiv materijal od nehr\u0111aju\u0107eg \u010delika Elegantan dizajn<\/p>\n","protected":false},"featured_media":12605,"template":"","meta":[],"product_cat":[142,143],"product_tag":[],"class_list":{"0":"post-12604","1":"product","2":"type-product","3":"status-publish","4":"has-post-thumbnail","6":"product_cat-equa-boce","7":"product_cat-nehrdajuci-celik","9":"first","10":"outofstock","11":"sale","12":"shipping-taxable","13":"purchasable","14":"product-type-simple"},"_links":{"self":[{"href":"https:\/\/www.galagroup.ba\/en\/wp-json\/wp\/v2\/product\/12604"}],"collection":[{"href":"https:\/\/www.galagroup.ba\/en\/wp-json\/wp\/v2\/product"}],"about":[{"href":"https:\/\/www.galagroup.ba\/en\/wp-json\/wp\/v2\/types\/product"}],"wp:featuredmedia":[{"embeddable":true,"href":"https:\/\/www.galagroup.ba\/en\/wp-json\/wp\/v2\/media\/12605"}],"wp:attachment":[{"href":"https:\/\/www.galagroup.ba\/en\/wp-json\/wp\/v2\/media?parent=12604"}],"wp:term":[{"taxonomy":"product_cat","embeddable":true,"href":"https:\/\/www.galagroup.ba\/en\/wp-json\/wp\/v2\/product_cat?post=12604"},{"taxonomy":"product_tag","embeddable":true,"href":"https:\/\/www.galagroup.ba\/en\/wp-json\/wp\/v2\/product_tag?post=12604"}],"curies":[{"name":"wp","href":"https:\/\/api.w.org\/{rel}","templated":true}]}}