{"id":12776,"date":"2025-04-11T10:09:00","date_gmt":"2025-04-11T10:09:00","guid":{"rendered":"https:\/\/www.galagroup.ba\/?post_type=product&#038;p=12776"},"modified":"2025-04-11T10:09:00","modified_gmt":"2025-04-11T10:09:00","slug":"rucka-106-70-380","status":"publish","type":"product","link":"https:\/\/www.galagroup.ba\/en\/product\/rucka-106-70-380\/","title":{"rendered":"ru\u010dka 106.70.380"},"content":{"rendered":"","protected":false},"excerpt":{"rendered":"<div class=\"productPropertiesSection details-product-body is-split-view\">\n<h3 class=\"productPropertiesSectionHeader productPropertiesHeader u-xs-width-100\">Promjer navoja<\/h3>\n<div class=\"productPropertiesSectionBody productPropertiesContent table-style u-xs-width-100\">M4<\/div>\n<\/div>\n<div class=\"productPropertiesSection details-product-body is-split-view\">\n<h3 class=\"productPropertiesSectionHeader productPropertiesHeader u-xs-width-100\">Materijal<\/h3>\n<div class=\"productPropertiesSectionBody productPropertiesContent table-style u-xs-width-100\">Aluminij, Popod\u017eje: Lijevani cink<\/div>\n<\/div>\n<div class=\"productPropertiesSection details-product-body is-split-view\">\n<h3 class=\"productPropertiesSectionHeader productPropertiesHeader u-xs-width-100\">Promjer<\/h3>\n<div class=\"productPropertiesSectionBody productPropertiesContent table-style u-xs-width-100\">10,0 mm<\/div>\n<\/div>\n<div class=\"productPropertiesSection details-product-body is-split-view\">\n<h3 class=\"productPropertiesSectionHeader productPropertiesHeader u-xs-width-100\">Monta\u017ea<\/h3>\n<div class=\"productPropertiesSectionBody productPropertiesContent table-style u-xs-width-100\">Pri\u010dvr\u0161\u0107ivanje vijcima<\/div>\n<\/div>\n<div class=\"productPropertiesSection details-product-body is-split-view\">\n<h3 class=\"productPropertiesSectionHeader productPropertiesHeader u-xs-width-100\">Model<\/h3>\n<div class=\"productPropertiesSectionBody productPropertiesContent table-style u-xs-width-100\">Model H2305<\/div>\n<\/div>\n","protected":false},"featured_media":12777,"template":"","meta":[],"product_cat":[238,239],"product_tag":[],"class_list":{"0":"post-12776","1":"product","2":"type-product","3":"status-publish","4":"has-post-thumbnail","6":"product_cat-hafele","7":"product_cat-ruckice-i-kvake-za-vrata","9":"first","10":"instock","11":"shipping-taxable","12":"purchasable","13":"product-type-simple"},"_links":{"self":[{"href":"https:\/\/www.galagroup.ba\/en\/wp-json\/wp\/v2\/product\/12776"}],"collection":[{"href":"https:\/\/www.galagroup.ba\/en\/wp-json\/wp\/v2\/product"}],"about":[{"href":"https:\/\/www.galagroup.ba\/en\/wp-json\/wp\/v2\/types\/product"}],"wp:featuredmedia":[{"embeddable":true,"href":"https:\/\/www.galagroup.ba\/en\/wp-json\/wp\/v2\/media\/12777"}],"wp:attachment":[{"href":"https:\/\/www.galagroup.ba\/en\/wp-json\/wp\/v2\/media?parent=12776"}],"wp:term":[{"taxonomy":"product_cat","embeddable":true,"href":"https:\/\/www.galagroup.ba\/en\/wp-json\/wp\/v2\/product_cat?post=12776"},{"taxonomy":"product_tag","embeddable":true,"href":"https:\/\/www.galagroup.ba\/en\/wp-json\/wp\/v2\/product_tag?post=12776"}],"curies":[{"name":"wp","href":"https:\/\/api.w.org\/{rel}","templated":true}]}}