{"id":13073,"date":"2025-11-28T14:41:18","date_gmt":"2025-11-28T14:41:18","guid":{"rendered":"https:\/\/www.galagroup.ba\/?post_type=product&#038;p=13073"},"modified":"2025-11-28T15:08:45","modified_gmt":"2025-11-28T15:08:45","slug":"4-dvokrilni-ormar-garderober","status":"publish","type":"product","link":"https:\/\/www.galagroup.ba\/en\/product\/4-dvokrilni-ormar-garderober\/","title":{"rendered":"Dvokrilni ormar garderober"},"content":{"rendered":"","protected":false},"excerpt":{"rendered":"<p>Korpus ormara &#8211; bo\u010dne stranice, strop, pod i police &#8211; izra\u0111eni su od iverala debljine 18mm sa niskom emisijom formaldehida (dokumentovano certifikatima EN 312 i EN 14322 uz ponudu) sa melaminskom za\u0161titom koja omogu\u0107ava postojanost boje, otpornost na povr\u0161inska o\u0161te\u0107enja, hemijske uticaje, termi\u010dka i mehani\u010dka optere\u0107enja, te jednostavno odr\u017eavanje. Svi rubovi korpusa za\u0161ti\u0107eni su ABS trakom 0,8 mm upotrebom PUR ljepila. Stranice ormara su do poda, oslonjene na plasti\u010dne niveliraju\u0107e noge pojedina\u010dne nosivosti 100 kg\/kom visine 100 mm, koje se mogu pode\u0161avati kroz pod ormara, sakrivene cokl maskom visine 100 mm. Pole\u0111ina ormara je izra\u0111ena od HDF-a bijele boje debljine 3 mm. Ormar je podijeljen na 2 dijela razli\u010dite visine sa 1 policom. Nosa\u010di police su napravljeni tako da su fiksirani u stranice i policu, zbog \u010dega je nemogu\u0107e da polica ispadne iz ormara, \u0161to \u010dini dodatnu za\u0161titu za korisnika. Sadr\u017ei garderobnu cijev za vje\u0161alice. Vrata ormara su izra\u0111ena od identi\u010dnog iverala sa melaminskom za\u0161titom ukupne debljine 18 mm kao i korpusi ormara. Svi rubovi vrata ormara za\u0161ti\u0107eni su ABS trakom 2 mm upotrebom PUR ljepila. Vrata su opremljena sa visokokvalitetnim baglamama sa ubla\u017eiva\u010dima i podlo\u0161kom za 3D pode\u0161avanje vrata proizvo\u0111a\u010da Hefele. Ormar sadr\u017ei 2 metalne ru\u010dkice, kao i sigurnosnu bravicu sa dva klju\u010da.<\/p>\n","protected":false},"featured_media":13074,"template":"","meta":[],"product_cat":[247,246],"product_tag":[],"class_list":{"0":"post-13073","1":"product","2":"type-product","3":"status-publish","4":"has-post-thumbnail","6":"product_cat-ormari","7":"product_cat-uredski-namjestaj","9":"first","10":"onbackorder","11":"shipping-taxable","12":"product-type-simple"},"_links":{"self":[{"href":"https:\/\/www.galagroup.ba\/en\/wp-json\/wp\/v2\/product\/13073"}],"collection":[{"href":"https:\/\/www.galagroup.ba\/en\/wp-json\/wp\/v2\/product"}],"about":[{"href":"https:\/\/www.galagroup.ba\/en\/wp-json\/wp\/v2\/types\/product"}],"wp:featuredmedia":[{"embeddable":true,"href":"https:\/\/www.galagroup.ba\/en\/wp-json\/wp\/v2\/media\/13074"}],"wp:attachment":[{"href":"https:\/\/www.galagroup.ba\/en\/wp-json\/wp\/v2\/media?parent=13073"}],"wp:term":[{"taxonomy":"product_cat","embeddable":true,"href":"https:\/\/www.galagroup.ba\/en\/wp-json\/wp\/v2\/product_cat?post=13073"},{"taxonomy":"product_tag","embeddable":true,"href":"https:\/\/www.galagroup.ba\/en\/wp-json\/wp\/v2\/product_tag?post=13073"}],"curies":[{"name":"wp","href":"https:\/\/api.w.org\/{rel}","templated":true}]}}