{"id":13199,"date":"2025-11-28T15:32:54","date_gmt":"2025-11-28T15:32:54","guid":{"rendered":"https:\/\/www.galagroup.ba\/?post_type=product&#038;p=13199"},"modified":"2025-11-28T15:32:54","modified_gmt":"2025-11-28T15:32:54","slug":"komoda-jednokrilna-sa-staklenim-vratima","status":"publish","type":"product","link":"https:\/\/www.galagroup.ba\/en\/product\/komoda-jednokrilna-sa-staklenim-vratima\/","title":{"rendered":"Komoda jednokrilna sa staklenim vratima"},"content":{"rendered":"","protected":false},"excerpt":{"rendered":"<p>Korpus komode &#8211; bo\u010dne stranice, strop, pod i police &#8211; izra\u0111eni su od iverala debljine 18mm sa niskom emisijom formaldehida (dokumentovano certifikatima EN 312 i EN 14322 uz ponudu) sa melaminskom za\u0161titom koja omogu\u0107ava postojanost boje, otpornost na povr\u0161inska o\u0161te\u0107enja, hemijske uticaje, termi\u010dka i mehani\u010dka optere\u0107enja, te jednostavno odr\u017eavanje. Svi rubovi korpusa za\u0161ti\u0107eni su ABS trakom 0,8 mm upotrebom PUR ljepila. Stranice komode su do poda, oslonjene na plasti\u010dne niveliraju\u0107e noge pojedina\u010dne nosivosti 100 kg\/kom visine 100 mm, koje se mogu pode\u0161avati kroz pod komode, sakrivene cokl maskom visine 100 mm. Pole\u0111ina komode je izra\u0111ena od HDF-a bijele boje debljine 3 mm. Sa unutra\u0161nje strane bo\u010dne strane komode imaju napravljene rupice za monta\u017eu sigurnosnih dr\u017ea\u010da polica, \u0161to omogu\u0107ava pode\u0161avanje razmaka polica prema potrebi. Nosa\u010di polica su napravljeni tako da su fiksirani u stranice i police, zbog \u010dega je nemogu\u0107e da police ispadnu iz komode, \u0161to \u010dini dodatnu za\u0161titu za korisnika. Komoda je podijeljena na 3 jednaka dijela, sa 2 police. Vrata komode su izra\u0111ena od identi\u010dnog iverala sa melaminskom za\u0161titom ukupne debljine 18 mm kao i korpusi komode. Svi rubovi vrata komode za\u0161ti\u0107eni su ABS trakom 2 mm upotrebom PUR ljepila. Vrata komode se sastoje od rama i stakla. Ram vrata je izra\u0111en od identi\u010dnog iverala sa melaminskom za\u0161titom ukupne debljine 18 mm kao i korpusi komode. Svi rubovi rama na vratima komode za\u0161ti\u0107eni su ABS trakom 2 mm upotrebom PUR ljepila. Staklo se pri\u010dvr\u0161\u0107uje sigurnosnim kop\u010dama za ram vrata komode. Debljina stakla je 4 mm sa obra\u0111enim rubovima. Vrata su opremljena sa visokokvalitetnim baglamama sa ubla\u017eiva\u010dima i podlo\u0161kom za 3D pode\u0161avanje vrata proizvo\u0111a\u010da Hefele. Sadr\u017ei 1 metalnu ru\u010dkicu. Opcionalno, komoda mo\u017ee sadr\u017eati sigurnosnu bravicu sa dva klju\u010da.<\/p>\n","protected":false},"featured_media":13200,"template":"","meta":[],"product_cat":[248,246],"product_tag":[],"class_list":{"0":"post-13199","1":"product","2":"type-product","3":"status-publish","4":"has-post-thumbnail","6":"product_cat-komode","7":"product_cat-uredski-namjestaj","9":"first","10":"onbackorder","11":"shipping-taxable","12":"product-type-simple"},"_links":{"self":[{"href":"https:\/\/www.galagroup.ba\/en\/wp-json\/wp\/v2\/product\/13199"}],"collection":[{"href":"https:\/\/www.galagroup.ba\/en\/wp-json\/wp\/v2\/product"}],"about":[{"href":"https:\/\/www.galagroup.ba\/en\/wp-json\/wp\/v2\/types\/product"}],"wp:featuredmedia":[{"embeddable":true,"href":"https:\/\/www.galagroup.ba\/en\/wp-json\/wp\/v2\/media\/13200"}],"wp:attachment":[{"href":"https:\/\/www.galagroup.ba\/en\/wp-json\/wp\/v2\/media?parent=13199"}],"wp:term":[{"taxonomy":"product_cat","embeddable":true,"href":"https:\/\/www.galagroup.ba\/en\/wp-json\/wp\/v2\/product_cat?post=13199"},{"taxonomy":"product_tag","embeddable":true,"href":"https:\/\/www.galagroup.ba\/en\/wp-json\/wp\/v2\/product_tag?post=13199"}],"curies":[{"name":"wp","href":"https:\/\/api.w.org\/{rel}","templated":true}]}}