{"id":13276,"date":"2025-12-03T08:50:26","date_gmt":"2025-12-03T08:50:26","guid":{"rendered":"https:\/\/www.galagroup.ba\/?post_type=product&#038;p=13276"},"modified":"2025-12-03T08:50:26","modified_gmt":"2025-12-03T08:50:26","slug":"uredski-radni-stol-sa-4-ladice","status":"publish","type":"product","link":"https:\/\/www.galagroup.ba\/en\/product\/uredski-radni-stol-sa-4-ladice\/","title":{"rendered":"Uredski radni stol sa 4 ladice"},"content":{"rendered":"","protected":false},"excerpt":{"rendered":"<p>Uredski radni stol sa 4 ladice izra\u0111en je od iverala debljine 18mm sa niskom emisijom formaldehida (dokumentovano certifikatima EN 312 i EN 14322 uz ponudu) sa melaminskom za\u0161titom koja omogu\u0107ava postojanost boje, otpornost na povr\u0161inska o\u0161te\u0107enja, hemijske uticaje, termi\u010dka i mehani\u010dka optere\u0107enja, te jednostavno odr\u017eavanje. Svi rubovi korpusa za\u0161ti\u0107eni su ABS trakom 0,8 mm upotrebom PUR ljepila. Stranice uredskog stola su do poda, oslonjene na plasti\u010dne nogice visine 5 mm, Stol sadr\u017ei 4 ladice za pohranu dokumentacije. Mogu\u0107nost narud\u017ebe desne i lijeve strane. Sadr\u017ei 4 metalne ru\u010dkice. Opcionalno, stol mo\u017ee sadr\u017eati sigurnosnu bravicu sa dva klju\u010da na ladici, kao i rozetu za kablove.<\/p>\n","protected":false},"featured_media":13277,"template":"","meta":[],"product_cat":[249,246],"product_tag":[],"class_list":{"0":"post-13276","1":"product","2":"type-product","3":"status-publish","4":"has-post-thumbnail","6":"product_cat-radni-stolovi","7":"product_cat-uredski-namjestaj","9":"first","10":"onbackorder","11":"shipping-taxable","12":"product-type-simple"},"_links":{"self":[{"href":"https:\/\/www.galagroup.ba\/en\/wp-json\/wp\/v2\/product\/13276"}],"collection":[{"href":"https:\/\/www.galagroup.ba\/en\/wp-json\/wp\/v2\/product"}],"about":[{"href":"https:\/\/www.galagroup.ba\/en\/wp-json\/wp\/v2\/types\/product"}],"wp:featuredmedia":[{"embeddable":true,"href":"https:\/\/www.galagroup.ba\/en\/wp-json\/wp\/v2\/media\/13277"}],"wp:attachment":[{"href":"https:\/\/www.galagroup.ba\/en\/wp-json\/wp\/v2\/media?parent=13276"}],"wp:term":[{"taxonomy":"product_cat","embeddable":true,"href":"https:\/\/www.galagroup.ba\/en\/wp-json\/wp\/v2\/product_cat?post=13276"},{"taxonomy":"product_tag","embeddable":true,"href":"https:\/\/www.galagroup.ba\/en\/wp-json\/wp\/v2\/product_tag?post=13276"}],"curies":[{"name":"wp","href":"https:\/\/api.w.org\/{rel}","templated":true}]}}