{"id":13298,"date":"2025-12-03T08:54:23","date_gmt":"2025-12-03T08:54:23","guid":{"rendered":"https:\/\/www.galagroup.ba\/?post_type=product&#038;p=13298"},"modified":"2025-12-03T08:54:23","modified_gmt":"2025-12-03T08:54:23","slug":"uredski-radni-stol-sa-punim-ledima","status":"publish","type":"product","link":"https:\/\/www.galagroup.ba\/en\/product\/uredski-radni-stol-sa-punim-ledima\/","title":{"rendered":"Uredski radni stol sa punim le\u0111ima"},"content":{"rendered":"","protected":false},"excerpt":{"rendered":"<p>Uredski radni stol izra\u0111en je od iverala debljine 18mm sa niskom emisijom formaldehida (dokumentovano certifikatima EN 312 i EN 14322 uz ponudu) sa melaminskom za\u0161titom koja omogu\u0107ava postojanost boje, otpornost na povr\u0161inska o\u0161te\u0107enja, hemijske uticaje, termi\u010dka i mehani\u010dka optere\u0107enja, te jednostavno odr\u017eavanje. Svi rubovi korpusa za\u0161ti\u0107eni su ABS trakom 0,8 mm upotrebom PUR ljepila. Stranice uredskog stola su me\u0111usobno povezane ukrutom (\u201ele\u0111ima\u201c) za ve\u0107u stabilnost.\u00a0 Obe stranice, te le\u0111a su do poda, oslonjene na plasti\u010dne nogice visine 5 mm. Opcionalno, stol mo\u017ee sadr\u017eati rozetu za kablove.<\/p>\n","protected":false},"featured_media":13299,"template":"","meta":[],"product_cat":[249,246],"product_tag":[],"class_list":{"0":"post-13298","1":"product","2":"type-product","3":"status-publish","4":"has-post-thumbnail","6":"product_cat-radni-stolovi","7":"product_cat-uredski-namjestaj","9":"first","10":"onbackorder","11":"shipping-taxable","12":"product-type-simple"},"_links":{"self":[{"href":"https:\/\/www.galagroup.ba\/en\/wp-json\/wp\/v2\/product\/13298"}],"collection":[{"href":"https:\/\/www.galagroup.ba\/en\/wp-json\/wp\/v2\/product"}],"about":[{"href":"https:\/\/www.galagroup.ba\/en\/wp-json\/wp\/v2\/types\/product"}],"wp:featuredmedia":[{"embeddable":true,"href":"https:\/\/www.galagroup.ba\/en\/wp-json\/wp\/v2\/media\/13299"}],"wp:attachment":[{"href":"https:\/\/www.galagroup.ba\/en\/wp-json\/wp\/v2\/media?parent=13298"}],"wp:term":[{"taxonomy":"product_cat","embeddable":true,"href":"https:\/\/www.galagroup.ba\/en\/wp-json\/wp\/v2\/product_cat?post=13298"},{"taxonomy":"product_tag","embeddable":true,"href":"https:\/\/www.galagroup.ba\/en\/wp-json\/wp\/v2\/product_tag?post=13298"}],"curies":[{"name":"wp","href":"https:\/\/api.w.org\/{rel}","templated":true}]}}