{"id":13309,"date":"2025-12-03T08:56:31","date_gmt":"2025-12-03T08:56:31","guid":{"rendered":"https:\/\/www.galagroup.ba\/?post_type=product&#038;p=13309"},"modified":"2025-12-03T08:56:31","modified_gmt":"2025-12-03T08:56:31","slug":"ladicar-sa-tockicima","status":"publish","type":"product","link":"https:\/\/www.galagroup.ba\/en\/product\/ladicar-sa-tockicima\/","title":{"rendered":"Ladi\u010dar sa to\u010dki\u0107ima"},"content":{"rendered":"","protected":false},"excerpt":{"rendered":"<p>Ladi\u010dar sa to\u010dki\u0107ima izra\u0111en je od iverala debljine 18mm sa niskom emisijom formaldehida (dokumentovano certifikatima EN 312 i EN 14322 uz ponudu) sa melaminskom za\u0161titom koja omogu\u0107ava postojanost boje, otpornost na povr\u0161inska o\u0161te\u0107enja, hemijske uticaje, termi\u010dka i mehani\u010dka optere\u0107enja, te jednostavno odr\u017eavanje. Svi rubovi korpusa za\u0161ti\u0107eni su ABS trakom 0,8 mm upotrebom PUR ljepila. Ladi\u010dar je oslonjen na plasti\u010dne to\u010dki\u0107e sa mogu\u0107no\u0161\u0107u blokiranja. Pole\u0111ina ladi\u010dara je izra\u0111ena od HDF-a bijele boje debljine 3 mm. Sadr\u017ei 3 ladice za pohranu dokumentacije. Sadr\u017ei 3 metalne ru\u010dkice. Opcionalno, ladi\u010dar mo\u017ee sadr\u017eati sigurnosnu bravicu sa dva klju\u010da na ladici.<\/p>\n","protected":false},"featured_media":13310,"template":"","meta":[],"product_cat":[250,246],"product_tag":[],"class_list":{"0":"post-13309","1":"product","2":"type-product","3":"status-publish","4":"has-post-thumbnail","6":"product_cat-ladicari-na-tockicima","7":"product_cat-uredski-namjestaj","9":"first","10":"onbackorder","11":"shipping-taxable","12":"product-type-simple"},"_links":{"self":[{"href":"https:\/\/www.galagroup.ba\/en\/wp-json\/wp\/v2\/product\/13309"}],"collection":[{"href":"https:\/\/www.galagroup.ba\/en\/wp-json\/wp\/v2\/product"}],"about":[{"href":"https:\/\/www.galagroup.ba\/en\/wp-json\/wp\/v2\/types\/product"}],"wp:featuredmedia":[{"embeddable":true,"href":"https:\/\/www.galagroup.ba\/en\/wp-json\/wp\/v2\/media\/13310"}],"wp:attachment":[{"href":"https:\/\/www.galagroup.ba\/en\/wp-json\/wp\/v2\/media?parent=13309"}],"wp:term":[{"taxonomy":"product_cat","embeddable":true,"href":"https:\/\/www.galagroup.ba\/en\/wp-json\/wp\/v2\/product_cat?post=13309"},{"taxonomy":"product_tag","embeddable":true,"href":"https:\/\/www.galagroup.ba\/en\/wp-json\/wp\/v2\/product_tag?post=13309"}],"curies":[{"name":"wp","href":"https:\/\/api.w.org\/{rel}","templated":true}]}}