{"id":13331,"date":"2025-12-03T09:00:23","date_gmt":"2025-12-03T09:00:23","guid":{"rendered":"https:\/\/www.galagroup.ba\/?post_type=product&#038;p=13331"},"modified":"2025-12-03T09:00:23","modified_gmt":"2025-12-03T09:00:23","slug":"klub-stol-sa-metalnim-nogicama","status":"publish","type":"product","link":"https:\/\/www.galagroup.ba\/en\/product\/klub-stol-sa-metalnim-nogicama\/","title":{"rendered":"Klub stol sa metalnim nogicama"},"content":{"rendered":"","protected":false},"excerpt":{"rendered":"<p>Klub stol izra\u0111en je od iverala debljine 18 mm sa niskom emisijom formaldehida (dokumentovano certifikatima EN 312 i EN 14322 uz ponudu) sa melaminskom za\u0161titom koja omogu\u0107ava postojanost boje, otpornost na povr\u0161inska o\u0161te\u0107enja, hemijske uticaje, termi\u010dka i mehani\u010dka optere\u0107enja, te jednostavno odr\u017eavanje. Svi rubovi korpusa za\u0161ti\u0107eni su ABS trakom 0,8 mm upotrebom PUR ljepila. Na pod se oslanja niveliraju\u0107im metalnim nogicama visine 160 mm<\/p>\n","protected":false},"featured_media":13332,"template":"","meta":[],"product_cat":[251,246],"product_tag":[],"class_list":{"0":"post-13331","1":"product","2":"type-product","3":"status-publish","4":"has-post-thumbnail","6":"product_cat-klub-stolovi","7":"product_cat-uredski-namjestaj","9":"first","10":"onbackorder","11":"shipping-taxable","12":"product-type-simple"},"_links":{"self":[{"href":"https:\/\/www.galagroup.ba\/en\/wp-json\/wp\/v2\/product\/13331"}],"collection":[{"href":"https:\/\/www.galagroup.ba\/en\/wp-json\/wp\/v2\/product"}],"about":[{"href":"https:\/\/www.galagroup.ba\/en\/wp-json\/wp\/v2\/types\/product"}],"wp:featuredmedia":[{"embeddable":true,"href":"https:\/\/www.galagroup.ba\/en\/wp-json\/wp\/v2\/media\/13332"}],"wp:attachment":[{"href":"https:\/\/www.galagroup.ba\/en\/wp-json\/wp\/v2\/media?parent=13331"}],"wp:term":[{"taxonomy":"product_cat","embeddable":true,"href":"https:\/\/www.galagroup.ba\/en\/wp-json\/wp\/v2\/product_cat?post=13331"},{"taxonomy":"product_tag","embeddable":true,"href":"https:\/\/www.galagroup.ba\/en\/wp-json\/wp\/v2\/product_tag?post=13331"}],"curies":[{"name":"wp","href":"https:\/\/api.w.org\/{rel}","templated":true}]}}