{"id":4570,"date":"2022-03-10T12:05:29","date_gmt":"2022-03-10T12:05:29","guid":{"rendered":"https:\/\/www.galagroup.ba\/?post_type=product&#038;p=4570"},"modified":"2025-11-24T10:11:12","modified_gmt":"2025-11-24T10:11:12","slug":"elica-flat-glass-ix-a-90","status":"publish","type":"product","link":"https:\/\/www.galagroup.ba\/en\/product\/elica-flat-glass-ix-a-90\/","title":{"rendered":"Elica FLAT GLASS IX\/A\/90"},"content":{"rendered":"","protected":false},"excerpt":{"rendered":"<p>DIMENZIJA: 90 cm<br \/>\nKONTROLE: 3S mehani\u010dke tipke<br \/>\nOSVJETLJENJE: LED 2&#215;2,5 W 3500K<br \/>\nUKUPNA POTRO\u0160NJA: 140 W<br \/>\nENERGETSKA KLASA: D<br \/>\nPROTOK ZRAKA: 384 m\u00b3\/h<br \/>\nVELI\u010cINA ODVODA: 150 mm<br \/>\nZAVR\u0160ETAK: Nehr\u0111aju\u0107i \u010delik, staklo<br \/>\nRAZINA BUKE: 62 db(A)<\/p>\n","protected":false},"featured_media":4573,"template":"","meta":[],"product_cat":[21,40,123],"product_tag":[],"class_list":{"0":"post-4570","1":"product","2":"type-product","3":"status-publish","4":"has-post-thumbnail","6":"product_cat-bijela-tehnika","7":"product_cat-nape","8":"product_cat-elica","9":"product_shipping_class-proizvodi","11":"first","12":"instock","13":"sale","14":"shipping-taxable","15":"purchasable","16":"product-type-simple"},"_links":{"self":[{"href":"https:\/\/www.galagroup.ba\/en\/wp-json\/wp\/v2\/product\/4570"}],"collection":[{"href":"https:\/\/www.galagroup.ba\/en\/wp-json\/wp\/v2\/product"}],"about":[{"href":"https:\/\/www.galagroup.ba\/en\/wp-json\/wp\/v2\/types\/product"}],"wp:featuredmedia":[{"embeddable":true,"href":"https:\/\/www.galagroup.ba\/en\/wp-json\/wp\/v2\/media\/4573"}],"wp:attachment":[{"href":"https:\/\/www.galagroup.ba\/en\/wp-json\/wp\/v2\/media?parent=4570"}],"wp:term":[{"taxonomy":"product_cat","embeddable":true,"href":"https:\/\/www.galagroup.ba\/en\/wp-json\/wp\/v2\/product_cat?post=4570"},{"taxonomy":"product_tag","embeddable":true,"href":"https:\/\/www.galagroup.ba\/en\/wp-json\/wp\/v2\/product_tag?post=4570"}],"curies":[{"name":"wp","href":"https:\/\/api.w.org\/{rel}","templated":true}]}}